{"id":43,"date":"2025-02-07T09:24:24","date_gmt":"2025-02-07T09:24:24","guid":{"rendered":"https:\/\/ualla.net\/contacts\/"},"modified":"2025-02-07T09:24:24","modified_gmt":"2025-02-07T09:24:24","slug":"contacts","status":"publish","type":"page","link":"https:\/\/ualla.net\/ro\/contacts\/","title":{"rendered":"Contacte"},"content":{"rendered":"<h2>Suntem aici pentru a te ajuta<\/h2>\n<p>La Ualla.net, apreciem \u00eentreb\u0103rile, sugestiile \u0219i feedback-ul dumneavoastr\u0103. Dac\u0103 ave\u021bi \u00eentreb\u0103ri legate de articolele noastre, produsele de mod\u0103 sau altele, v\u0103 rug\u0103m s\u0103 ne contacta\u021bi.<\/p>\n<h3>Trimite\u021bi-ne \u00eentreb\u0103rile dumneavoastr\u0103<\/h3>\n<p>Pentru orice \u00eentreb\u0103ri sau sugestii, v\u0103 rug\u0103m s\u0103 ne trimite\u021bi un e-mail la adresa <a href=\"mailto:contact@ualla.net\">contact@ualla.net<\/a>. Ne angaj\u0103m s\u0103 v\u0103 r\u0103spundem c\u00e2t mai cur\u00e2nd posibil.<\/p>\n<h3>Formular de contact<\/h3>\n<form action=\"\/ro\/submit_form.php\/\" method=\"post\" data-trp-original-action=\"submit_form.php\">\n            <label for=\"name\">Nume:<\/label><br \/>\n            <input type=\"text\" id=\"name\" name=\"name\" required><\/p>\n<p>            <label for=\"email\">E-mail:<\/label><br \/>\n            <input type=\"email\" id=\"email\" name=\"email\" required><\/p>\n<p>            <label for=\"message\">Mesaj:<\/label><br \/>\n            <textarea id=\"message\" name=\"message\" rows=\"4\" required><\/textarea><\/p>\n<p>            <input type=\"submit\" value=\"Trimite\"><br \/>\n        <input type=\"hidden\" name=\"trp-form-language\" value=\"ro\"\/><\/form>","protected":false},"excerpt":{"rendered":"<p>Suntem aici pentru a v\u0103 ajuta. La Ualla.net, apreciem \u00eentreb\u0103rile, sugestiile \u0219i feedback-ul dumneavoastr\u0103. Dac\u0103 ave\u021bi \u00eentreb\u0103ri cu privire la articolele noastre, produsele de mod\u0103 sau orice altceva, v\u0103 rug\u0103m s\u0103 nu ezita\u021bi s\u0103 ne contacta\u021bi. Trimite\u021bi-ne \u00eentreb\u0103rile dumneavoastr\u0103. Pentru orice \u00eentreb\u0103ri sau sugestii, v\u0103 rug\u0103m s\u0103 ne trimite\u021bi un e-mail la adresa contact@ualla.net. Ne angaj\u0103m s\u0103 v\u0103 ajut\u0103m [\u2026]<\/p>","protected":false},"author":1,"featured_media":0,"parent":0,"menu_order":0,"comment_status":"closed","ping_status":"closed","template":"","meta":{"_acf_changed":false,"footnotes":""},"class_list":["post-43","page","type-page","status-publish","hentry"],"acf":[],"yoast_head":"<!-- This site is optimized with the Yoast SEO plugin v23.2 - https:\/\/yoast.com\/wordpress\/plugins\/seo\/ -->\n<title>Contacts - ualla.net<\/title>\n<meta name=\"description\" content=\"Contactez-nous pour toute question ou suggestion concernant nos articles et produits de mode. Nous sommes \u00e0 votre \u00e9coute!\" \/>\n<meta name=\"robots\" content=\"index, follow, max-snippet:-1, max-image-preview:large, max-video-preview:-1\" \/>\n<link rel=\"canonical\" href=\"https:\/\/ualla.net\/ro\/contacts\/\" \/>\n<meta property=\"og:locale\" content=\"ro_RO\" \/>\n<meta property=\"og:type\" content=\"article\" \/>\n<meta property=\"og:title\" content=\"Contacts - ualla.net\" \/>\n<meta property=\"og:description\" content=\"Contactez-nous pour toute question ou suggestion concernant nos articles et produits de mode. Nous sommes \u00e0 votre \u00e9coute!\" \/>\n<meta property=\"og:url\" content=\"https:\/\/ualla.net\/ro\/contacts\/\" \/>\n<meta property=\"og:site_name\" content=\"ualla.net\" \/>\n<meta name=\"twitter:card\" content=\"summary_large_image\" \/>\n<script type=\"application\/ld+json\" class=\"yoast-schema-graph\">{\"@context\":\"https:\/\/schema.org\",\"@graph\":[{\"@type\":\"WebPage\",\"@id\":\"https:\/\/ualla.net\/contacts\/\",\"url\":\"https:\/\/ualla.net\/contacts\/\",\"name\":\"Contacts - ualla.net\",\"isPartOf\":{\"@id\":\"https:\/\/ualla.net\/#website\"},\"datePublished\":\"2025-02-07T09:24:24+00:00\",\"dateModified\":\"2025-02-07T09:24:24+00:00\",\"description\":\"Contactez-nous pour toute question ou suggestion concernant nos articles et produits de mode. Nous sommes \u00e0 votre \u00e9coute!\",\"breadcrumb\":{\"@id\":\"https:\/\/ualla.net\/contacts\/#breadcrumb\"},\"inLanguage\":\"ro-RO\",\"potentialAction\":[{\"@type\":\"ReadAction\",\"target\":[\"https:\/\/ualla.net\/contacts\/\"]}]},{\"@type\":\"BreadcrumbList\",\"@id\":\"https:\/\/ualla.net\/contacts\/#breadcrumb\",\"itemListElement\":[{\"@type\":\"ListItem\",\"position\":1,\"name\":\"Home\",\"item\":\"https:\/\/ualla.net\/\"},{\"@type\":\"ListItem\",\"position\":2,\"name\":\"Contacts\"}]},{\"@type\":\"WebSite\",\"@id\":\"https:\/\/ualla.net\/#website\",\"url\":\"https:\/\/ualla.net\/\",\"name\":\"ualla.net\",\"description\":\"Tendances Mode pour Tous | Trouvez des id\u00e9es de tenues styl\u00e9es\",\"potentialAction\":[{\"@type\":\"SearchAction\",\"target\":{\"@type\":\"EntryPoint\",\"urlTemplate\":\"https:\/\/ualla.net\/?s={search_term_string}\"},\"query-input\":\"required name=search_term_string\"}],\"inLanguage\":\"ro-RO\"}]}<\/script>\n<!-- \/ Yoast SEO plugin. -->","yoast_head_json":{"title":"Contacts - ualla.net","description":"Contactez-nous pour toute question ou suggestion concernant nos articles et produits de mode. Nous sommes \u00e0 votre \u00e9coute!","robots":{"index":"index","follow":"follow","max-snippet":"max-snippet:-1","max-image-preview":"max-image-preview:large","max-video-preview":"max-video-preview:-1"},"canonical":"https:\/\/ualla.net\/ro\/contacts\/","og_locale":"ro_RO","og_type":"article","og_title":"Contacts - ualla.net","og_description":"Contactez-nous pour toute question ou suggestion concernant nos articles et produits de mode. Nous sommes \u00e0 votre \u00e9coute!","og_url":"https:\/\/ualla.net\/ro\/contacts\/","og_site_name":"ualla.net","twitter_card":"summary_large_image","schema":{"@context":"https:\/\/schema.org","@graph":[{"@type":"WebPage","@id":"https:\/\/ualla.net\/contacts\/","url":"https:\/\/ualla.net\/contacts\/","name":"Contacts - ualla.net","isPartOf":{"@id":"https:\/\/ualla.net\/#website"},"datePublished":"2025-02-07T09:24:24+00:00","dateModified":"2025-02-07T09:24:24+00:00","description":"Contactez-nous pour toute question ou suggestion concernant nos articles et produits de mode. Nous sommes \u00e0 votre \u00e9coute!","breadcrumb":{"@id":"https:\/\/ualla.net\/contacts\/#breadcrumb"},"inLanguage":"ro-RO","potentialAction":[{"@type":"ReadAction","target":["https:\/\/ualla.net\/contacts\/"]}]},{"@type":"BreadcrumbList","@id":"https:\/\/ualla.net\/contacts\/#breadcrumb","itemListElement":[{"@type":"ListItem","position":1,"name":"Home","item":"https:\/\/ualla.net\/"},{"@type":"ListItem","position":2,"name":"Contacts"}]},{"@type":"WebSite","@id":"https:\/\/ualla.net\/#website","url":"https:\/\/ualla.net\/","name":"ualla.net","description":"Tendances Mode pour Tous | Trouvez des id\u00e9es de tenues styl\u00e9es","potentialAction":[{"@type":"SearchAction","target":{"@type":"EntryPoint","urlTemplate":"https:\/\/ualla.net\/?s={search_term_string}"},"query-input":"required name=search_term_string"}],"inLanguage":"ro-RO"}]}},"yoast_meta":{"yoast_wpseo_title":"","yoast_wpseo_metadesc":"","yoast_wpseo_canonical":"https:\/\/ualla.net\/ro\/wp-json\/wp\/v2\/pages\/43"},"_links":{"self":[{"href":"https:\/\/ualla.net\/ro\/wp-json\/wp\/v2\/pages\/43","targetHints":{"allow":["GET"]}}],"collection":[{"href":"https:\/\/ualla.net\/ro\/wp-json\/wp\/v2\/pages"}],"about":[{"href":"https:\/\/ualla.net\/ro\/wp-json\/wp\/v2\/types\/page"}],"author":[{"embeddable":true,"href":"https:\/\/ualla.net\/ro\/wp-json\/wp\/v2\/users\/1"}],"replies":[{"embeddable":true,"href":"https:\/\/ualla.net\/ro\/wp-json\/wp\/v2\/comments?post=43"}],"version-history":[{"count":0,"href":"https:\/\/ualla.net\/ro\/wp-json\/wp\/v2\/pages\/43\/revisions"}],"wp:attachment":[{"href":"https:\/\/ualla.net\/ro\/wp-json\/wp\/v2\/media?parent=43"}],"curies":[{"name":"wp","href":"https:\/\/api.w.org\/{rel}","templated":true}]}}