{"id":42,"date":"2025-02-07T09:23:38","date_gmt":"2025-02-07T09:23:38","guid":{"rendered":"https:\/\/ualla.net\/a-propos-de-nous\/"},"modified":"2025-02-07T11:50:56","modified_gmt":"2025-02-07T11:50:56","slug":"a-propos-de-nous","status":"publish","type":"page","link":"https:\/\/ualla.net\/ro\/a-propos-de-nous\/","title":{"rendered":"Despre noi"},"content":{"rendered":"<h2>Lucrurile viselor noastre<\/h2>\n<p>Bine a\u021bi venit \u00een lumea Ualla, un spa\u021biu \u00een care moda transcende simpla \u00eembr\u0103c\u0103minte pentru a deveni o form\u0103 de art\u0103 vie. Blogul nostru s-a n\u0103scut din dorin\u021ba de a \u00eemp\u0103rt\u0103\u0219i o viziune diferit\u0103 asupra modei, unde fiecare articol este o invita\u021bie de a explora multiplele fa\u021bete ale stilului contemporan.<\/p>\n<p><img loading=\"lazy\" decoding=\"async\" class=\"aligncenter wp-image-41 size-full\" src=\"https:\/\/ualla.net\/wp-content\/uploads\/2025\/02\/modnaya-odezhda-v-butik-magazine-v-londone.jpg\" alt=\"\" width=\"612\" height=\"425\" srcset=\"https:\/\/ualla.net\/wp-content\/uploads\/2025\/02\/modnaya-odezhda-v-butik-magazine-v-londone.jpg 612w, https:\/\/ualla.net\/wp-content\/uploads\/2025\/02\/modnaya-odezhda-v-butik-magazine-v-londone-300x208.jpg 300w\" sizes=\"auto, (max-width: 612px) 100vw, 612px\" \/><\/p>\n<h2>Intriga pove\u0219tii noastre<\/h2>\n<p>\u00cen acest centru digital de mod\u0103, \u021besem pove\u0219ti care dep\u0103\u0219esc tendin\u021bele trec\u0103toare. Echipa noastr\u0103 de entuzia\u0219ti este dedicat\u0103 descifr\u0103rii mi\u0219c\u0103rilor care modeleaz\u0103 industria modei, celebr\u00e2nd \u00een acela\u0219i timp exprimarea personal\u0103 prin \u00eembr\u0103c\u0103minte.<\/p>\n<h2>Paleta noastr\u0103 editorial\u0103<\/h2>\n<p>Iat\u0103 firele comune care ghideaz\u0103 con\u021binutul nostru:<\/p>\n<ul>\n<li>Cronici detaliate despre evolu\u021bia tendin\u021belor actuale, cu accent deosebit pe sustenabilitate \u0219i etic\u0103 \u00een mod\u0103<\/li>\n<li>Explor\u0103ri atente ale noilor colec\u021bii, descifrate din perspectiva impactului lor cultural \u0219i societal<\/li>\n<li>Sfaturi practice pentru dezvoltarea unui stil autentic, adaptat tuturor bugetelor \u0219i tuturor tipurilor de corp<\/li>\n<li>Portrete inspirate ale designerilor \u0219i artizanilor care redefinesc codurile modei<\/li>\n<\/ul>","protected":false},"excerpt":{"rendered":"<p>Materialul Viselor Noastre Bine a\u021bi venit \u00een lumea Ualla, un spa\u021biu \u00een care moda transcende simpla \u00eembr\u0103c\u0103minte pentru a deveni o form\u0103 de art\u0103 vie. Blogul nostru s-a n\u0103scut din dorin\u021ba de a \u00eemp\u0103rt\u0103\u0219i o viziune diferit\u0103 asupra modei, unde fiecare articol este o invita\u021bie de a explora multiplele fa\u021bete ale stilului contemporan. Cadrul [\u2026]<\/p>","protected":false},"author":1,"featured_media":0,"parent":0,"menu_order":0,"comment_status":"closed","ping_status":"closed","template":"","meta":{"_acf_changed":false,"footnotes":""},"class_list":["post-42","page","type-page","status-publish","hentry"],"acf":[],"yoast_head":"<!-- This site is optimized with the Yoast SEO plugin v23.2 - https:\/\/yoast.com\/wordpress\/plugins\/seo\/ -->\n<title>\u00c0 propos de nous - ualla.net<\/title>\n<meta name=\"description\" content=\"Plongez dans notre vision singuli\u00e8re de la mode contemporaine. Des articles captivants sur les tendances, le style et l&#039;art du vestimentaire.\" \/>\n<meta name=\"robots\" content=\"index, follow, max-snippet:-1, max-image-preview:large, max-video-preview:-1\" \/>\n<link rel=\"canonical\" href=\"https:\/\/ualla.net\/ro\/a-propos-de-nous\/\" \/>\n<meta property=\"og:locale\" content=\"ro_RO\" \/>\n<meta property=\"og:type\" content=\"article\" \/>\n<meta property=\"og:title\" content=\"\u00c0 propos de nous - ualla.net\" \/>\n<meta property=\"og:description\" content=\"Plongez dans notre vision singuli\u00e8re de la mode contemporaine. Des articles captivants sur les tendances, le style et l&#039;art du vestimentaire.\" \/>\n<meta property=\"og:url\" content=\"https:\/\/ualla.net\/ro\/a-propos-de-nous\/\" \/>\n<meta property=\"og:site_name\" content=\"ualla.net\" \/>\n<meta property=\"article:modified_time\" content=\"2025-02-07T11:50:56+00:00\" \/>\n<meta property=\"og:image\" content=\"https:\/\/ualla.net\/wp-content\/uploads\/2025\/02\/modnaya-odezhda-v-butik-magazine-v-londone.jpg\" \/>\n<meta name=\"twitter:card\" content=\"summary_large_image\" \/>\n<meta name=\"twitter:label1\" content=\"Timp estimat pentru citire\" \/>\n\t<meta name=\"twitter:data1\" content=\"2 minute\" \/>\n<script type=\"application\/ld+json\" class=\"yoast-schema-graph\">{\"@context\":\"https:\/\/schema.org\",\"@graph\":[{\"@type\":\"WebPage\",\"@id\":\"https:\/\/ualla.net\/a-propos-de-nous\/\",\"url\":\"https:\/\/ualla.net\/a-propos-de-nous\/\",\"name\":\"\u00c0 propos de nous - ualla.net\",\"isPartOf\":{\"@id\":\"https:\/\/ualla.net\/#website\"},\"primaryImageOfPage\":{\"@id\":\"https:\/\/ualla.net\/a-propos-de-nous\/#primaryimage\"},\"image\":{\"@id\":\"https:\/\/ualla.net\/a-propos-de-nous\/#primaryimage\"},\"thumbnailUrl\":\"https:\/\/ualla.net\/wp-content\/uploads\/2025\/02\/modnaya-odezhda-v-butik-magazine-v-londone.jpg\",\"datePublished\":\"2025-02-07T09:23:38+00:00\",\"dateModified\":\"2025-02-07T11:50:56+00:00\",\"description\":\"Plongez dans notre vision singuli\u00e8re de la mode contemporaine. Des articles captivants sur les tendances, le style et l'art du vestimentaire.\",\"breadcrumb\":{\"@id\":\"https:\/\/ualla.net\/a-propos-de-nous\/#breadcrumb\"},\"inLanguage\":\"ro-RO\",\"potentialAction\":[{\"@type\":\"ReadAction\",\"target\":[\"https:\/\/ualla.net\/a-propos-de-nous\/\"]}]},{\"@type\":\"ImageObject\",\"inLanguage\":\"ro-RO\",\"@id\":\"https:\/\/ualla.net\/a-propos-de-nous\/#primaryimage\",\"url\":\"https:\/\/ualla.net\/wp-content\/uploads\/2025\/02\/modnaya-odezhda-v-butik-magazine-v-londone.jpg\",\"contentUrl\":\"https:\/\/ualla.net\/wp-content\/uploads\/2025\/02\/modnaya-odezhda-v-butik-magazine-v-londone.jpg\"},{\"@type\":\"BreadcrumbList\",\"@id\":\"https:\/\/ualla.net\/a-propos-de-nous\/#breadcrumb\",\"itemListElement\":[{\"@type\":\"ListItem\",\"position\":1,\"name\":\"Home\",\"item\":\"https:\/\/ualla.net\/\"},{\"@type\":\"ListItem\",\"position\":2,\"name\":\"\u00c0 propos de nous\"}]},{\"@type\":\"WebSite\",\"@id\":\"https:\/\/ualla.net\/#website\",\"url\":\"https:\/\/ualla.net\/\",\"name\":\"ualla.net\",\"description\":\"Tendances Mode pour Tous | Trouvez des id\u00e9es de tenues styl\u00e9es\",\"potentialAction\":[{\"@type\":\"SearchAction\",\"target\":{\"@type\":\"EntryPoint\",\"urlTemplate\":\"https:\/\/ualla.net\/?s={search_term_string}\"},\"query-input\":\"required name=search_term_string\"}],\"inLanguage\":\"ro-RO\"}]}<\/script>\n<!-- \/ Yoast SEO plugin. -->","yoast_head_json":{"title":"\u00c0 propos de nous - ualla.net","description":"Plongez dans notre vision singuli\u00e8re de la mode contemporaine. Des articles captivants sur les tendances, le style et l'art du vestimentaire.","robots":{"index":"index","follow":"follow","max-snippet":"max-snippet:-1","max-image-preview":"max-image-preview:large","max-video-preview":"max-video-preview:-1"},"canonical":"https:\/\/ualla.net\/ro\/a-propos-de-nous\/","og_locale":"ro_RO","og_type":"article","og_title":"\u00c0 propos de nous - ualla.net","og_description":"Plongez dans notre vision singuli\u00e8re de la mode contemporaine. Des articles captivants sur les tendances, le style et l'art du vestimentaire.","og_url":"https:\/\/ualla.net\/ro\/a-propos-de-nous\/","og_site_name":"ualla.net","article_modified_time":"2025-02-07T11:50:56+00:00","og_image":[{"url":"https:\/\/ualla.net\/wp-content\/uploads\/2025\/02\/modnaya-odezhda-v-butik-magazine-v-londone.jpg"}],"twitter_card":"summary_large_image","twitter_misc":{"Timp estimat pentru citire":"2 minute"},"schema":{"@context":"https:\/\/schema.org","@graph":[{"@type":"WebPage","@id":"https:\/\/ualla.net\/a-propos-de-nous\/","url":"https:\/\/ualla.net\/a-propos-de-nous\/","name":"\u00c0 propos de nous - ualla.net","isPartOf":{"@id":"https:\/\/ualla.net\/#website"},"primaryImageOfPage":{"@id":"https:\/\/ualla.net\/a-propos-de-nous\/#primaryimage"},"image":{"@id":"https:\/\/ualla.net\/a-propos-de-nous\/#primaryimage"},"thumbnailUrl":"https:\/\/ualla.net\/wp-content\/uploads\/2025\/02\/modnaya-odezhda-v-butik-magazine-v-londone.jpg","datePublished":"2025-02-07T09:23:38+00:00","dateModified":"2025-02-07T11:50:56+00:00","description":"Plongez dans notre vision singuli\u00e8re de la mode contemporaine. Des articles captivants sur les tendances, le style et l'art du vestimentaire.","breadcrumb":{"@id":"https:\/\/ualla.net\/a-propos-de-nous\/#breadcrumb"},"inLanguage":"ro-RO","potentialAction":[{"@type":"ReadAction","target":["https:\/\/ualla.net\/a-propos-de-nous\/"]}]},{"@type":"ImageObject","inLanguage":"ro-RO","@id":"https:\/\/ualla.net\/a-propos-de-nous\/#primaryimage","url":"https:\/\/ualla.net\/wp-content\/uploads\/2025\/02\/modnaya-odezhda-v-butik-magazine-v-londone.jpg","contentUrl":"https:\/\/ualla.net\/wp-content\/uploads\/2025\/02\/modnaya-odezhda-v-butik-magazine-v-londone.jpg"},{"@type":"BreadcrumbList","@id":"https:\/\/ualla.net\/a-propos-de-nous\/#breadcrumb","itemListElement":[{"@type":"ListItem","position":1,"name":"Home","item":"https:\/\/ualla.net\/"},{"@type":"ListItem","position":2,"name":"\u00c0 propos de nous"}]},{"@type":"WebSite","@id":"https:\/\/ualla.net\/#website","url":"https:\/\/ualla.net\/","name":"ualla.net","description":"Tendances Mode pour Tous | Trouvez des id\u00e9es de tenues styl\u00e9es","potentialAction":[{"@type":"SearchAction","target":{"@type":"EntryPoint","urlTemplate":"https:\/\/ualla.net\/?s={search_term_string}"},"query-input":"required name=search_term_string"}],"inLanguage":"ro-RO"}]}},"yoast_meta":{"yoast_wpseo_title":"","yoast_wpseo_metadesc":"","yoast_wpseo_canonical":"https:\/\/ualla.net\/ro\/wp-json\/wp\/v2\/pages\/42"},"_links":{"self":[{"href":"https:\/\/ualla.net\/ro\/wp-json\/wp\/v2\/pages\/42","targetHints":{"allow":["GET"]}}],"collection":[{"href":"https:\/\/ualla.net\/ro\/wp-json\/wp\/v2\/pages"}],"about":[{"href":"https:\/\/ualla.net\/ro\/wp-json\/wp\/v2\/types\/page"}],"author":[{"embeddable":true,"href":"https:\/\/ualla.net\/ro\/wp-json\/wp\/v2\/users\/1"}],"replies":[{"embeddable":true,"href":"https:\/\/ualla.net\/ro\/wp-json\/wp\/v2\/comments?post=42"}],"version-history":[{"count":1,"href":"https:\/\/ualla.net\/ro\/wp-json\/wp\/v2\/pages\/42\/revisions"}],"predecessor-version":[{"id":47,"href":"https:\/\/ualla.net\/ro\/wp-json\/wp\/v2\/pages\/42\/revisions\/47"}],"wp:attachment":[{"href":"https:\/\/ualla.net\/ro\/wp-json\/wp\/v2\/media?parent=42"}],"curies":[{"name":"wp","href":"https:\/\/api.w.org\/{rel}","templated":true}]}}